{"id":2130,"date":"2025-07-03T00:45:10","date_gmt":"2025-07-03T00:45:10","guid":{"rendered":"https:\/\/tektilsolutions.com\/en\/?page_id=2130"},"modified":"2025-11-05T03:33:46","modified_gmt":"2025-11-05T03:33:46","slug":"proyectos-corporativos-tektil","status":"publish","type":"page","link":"https:\/\/tektilsolutions.com\/en\/proyectos-corporativos-tektil\/","title":{"rendered":"Corporate Projects"},"content":{"rendered":"\t\t<div data-elementor-type=\"wp-page\" data-elementor-id=\"2130\" class=\"elementor elementor-2130\" data-elementor-post-type=\"page\">\n\t\t\t\t\t\t<section class=\"elementor-section elementor-top-section elementor-element elementor-element-7970254 elementor-section-boxed elementor-section-height-default elementor-section-height-default\" data-id=\"7970254\" data-element_type=\"section\" data-settings=\"{&quot;jet_parallax_layout_list&quot;:[]}\">\n\t\t\t\t\t\t<div class=\"elementor-container elementor-column-gap-no\">\n\t\t\t\t\t<div class=\"elementor-column elementor-col-100 elementor-top-column elementor-element elementor-element-90bcaac\" data-id=\"90bcaac\" data-element_type=\"column\">\n\t\t\t<div class=\"elementor-widget-wrap elementor-element-populated\">\n\t\t\t\t\t\t<div class=\"elementor-element elementor-element-0eb657c elementor--v-position-bottom elementor--h-position-left elementor-arrows-position-inside elementor-widget elementor-widget-slides\" data-id=\"0eb657c\" data-element_type=\"widget\" data-settings=\"{&quot;navigation&quot;:&quot;arrows&quot;,&quot;autoplay&quot;:&quot;yes&quot;,&quot;pause_on_hover&quot;:&quot;yes&quot;,&quot;pause_on_interaction&quot;:&quot;yes&quot;,&quot;autoplay_speed&quot;:5000,&quot;infinite&quot;:&quot;yes&quot;,&quot;transition&quot;:&quot;slide&quot;,&quot;transition_speed&quot;:500}\" data-widget_type=\"slides.default\">\n\t\t\t\t<div class=\"elementor-widget-container\">\n\t\t\t\t\t\t\t\t\t<div class=\"elementor-swiper\">\n\t\t\t\t\t<div class=\"elementor-slides-wrapper elementor-main-swiper swiper\" role=\"region\" aria-roledescription=\"carousel\" aria-label=\"Slides\" dir=\"ltr\" data-animation=\"\">\n\t\t\t\t<div class=\"swiper-wrapper elementor-slides\">\n\t\t\t\t\t\t\t\t\t\t<div class=\"elementor-repeater-item-a5e54f6 swiper-slide\" role=\"group\" aria-roledescription=\"slide\"><div class=\"swiper-slide-bg\" role=\"img\"><\/div><div class=\"swiper-slide-inner\" ><div class=\"swiper-slide-contents\"><div class=\"elementor-slide-heading\">Corporate <\/div><\/div><\/div><\/div>\t\t\t\t<\/div>\n\t\t\t\t\t\t\t<\/div>\n\t\t\t\t<\/div>\n\t\t\t\t\t\t\t\t<\/div>\n\t\t\t\t<\/div>\n\t\t\t\t\t<\/div>\n\t\t<\/div>\n\t\t\t\t\t<\/div>\n\t\t<\/section>\n\t\t\t\t<section class=\"elementor-section elementor-top-section elementor-element elementor-element-749ffda7 elementor-section-boxed elementor-section-height-default elementor-section-height-default\" data-id=\"749ffda7\" data-element_type=\"section\" data-settings=\"{&quot;jet_parallax_layout_list&quot;:[]}\">\n\t\t\t\t\t\t<div class=\"elementor-container elementor-column-gap-no\">\n\t\t\t\t\t<div class=\"elementor-column elementor-col-100 elementor-top-column elementor-element elementor-element-1ecdbc0\" data-id=\"1ecdbc0\" data-element_type=\"column\">\n\t\t\t<div class=\"elementor-widget-wrap elementor-element-populated\">\n\t\t\t\t\t\t<div class=\"elementor-element elementor-element-bf21a3b elementor-widget elementor-widget-text-editor\" data-id=\"bf21a3b\" data-element_type=\"widget\" data-widget_type=\"text-editor.default\">\n\t\t\t\t<div class=\"elementor-widget-container\">\n\t\t\t\t\t\t\t\t\t<ul><li>Cushman &amp; Wakefield, Mexico City.<\/li><li>Polanco District, Mexico City.<\/li><li>Nissan, Mexico City.<\/li><li>Barry Callebaut, Mexico City.<\/li><li>Fuentebuena, Monterrey<\/li><li>Deloitte, Mexico City.<\/li><li>Zapata Trucks, Le\u00f3n Gto.<br \/>Turner &amp; Townsend,<\/li><li>Mexico City.<\/li><li>Principle Offices, Mexico City.<\/li><li>Charles Taylor &amp; IFA<br \/>Celtics HR Group, Le\u00f3n Gto.<\/li><li>Berpar-Tektil Office, Le\u00f3n Gto.<\/li><li>Corporate Offices Country Club, Mexico City.<\/li><li>INBACK Offices, Guadalajara.<\/li><li>ConAgra Foods, Mexico City.<\/li><li>Ascent Foods, Le\u00f3n Gto.<\/li><li>PH Logistics Cheep, Mexico City.<\/li><li>Solidigm, Guadalajara.<\/li><li>Polanco District, Mexico City.<\/li><li>Saad Acoustics, Mexico City.<\/li><li>Sordo Madaleno<\/li><li>Architects, Mexico City.<\/li><li>Twitter, Mexico City.<\/li><li>Uber, Mexico City.<br \/>Intermac, Guadalajara.<\/li><li>YPASA Office, Mexico City.<\/li><li>ATXK Office, Mexico City.<\/li><li>Moctezuma Cement Offices, Mexico City.<\/li><li>We Work, Mexico City.<\/li><li>Steelcase, Mexico City.<\/li><\/ul>\t\t\t\t\t\t\t\t<\/div>\n\t\t\t\t<\/div>\n\t\t\t\t\t<\/div>\n\t\t<\/div>\n\t\t\t\t\t<\/div>\n\t\t<\/section>\n\t\t\t\t<\/div>\n\t\t","protected":false},"excerpt":{"rendered":"<p>Corporate Cushman &amp; Wakefield, Mexico City. Polanco District, Mexico City. Nissan, Mexico City. Barry Callebaut, Mexico City. Fuentebuena, Monterrey Deloitte, Mexico City. Zapata Trucks, Le\u00f3n Gto.Turner &amp; Townsend, Mexico City. Principle Offices, Mexico City. Charles Taylor &amp; IFACeltics HR Group, Le\u00f3n Gto. Berpar-Tektil Office, Le\u00f3n Gto. Corporate Offices Country Club, Mexico City. INBACK Offices, Guadalajara. [&hellip;]<\/p>\n","protected":false},"author":1,"featured_media":0,"parent":0,"menu_order":0,"comment_status":"closed","ping_status":"closed","template":"elementor_header_footer","meta":{"footnotes":""},"class_list":["post-2130","page","type-page","status-publish","hentry"],"yoast_head":"<!-- This site is optimized with the Yoast SEO plugin v25.4 - https:\/\/yoast.com\/wordpress\/plugins\/seo\/ -->\n<title>Corporate Projects - Tektil<\/title>\n<meta name=\"robots\" content=\"index, follow, max-snippet:-1, max-image-preview:large, max-video-preview:-1\" \/>\n<link rel=\"canonical\" href=\"https:\/\/tektilsolutions.com\/en\/proyectos-corporativos-tektil\/\" \/>\n<meta property=\"og:locale\" content=\"es_MX\" \/>\n<meta property=\"og:type\" content=\"article\" \/>\n<meta property=\"og:title\" content=\"Corporate Projects - Tektil\" \/>\n<meta property=\"og:description\" content=\"Corporate Cushman &amp; Wakefield, Mexico City. Polanco District, Mexico City. Nissan, Mexico City. Barry Callebaut, Mexico City. Fuentebuena, Monterrey Deloitte, Mexico City. Zapata Trucks, Le\u00f3n Gto.Turner &amp; Townsend, Mexico City. Principle Offices, Mexico City. Charles Taylor &amp; IFACeltics HR Group, Le\u00f3n Gto. Berpar-Tektil Office, Le\u00f3n Gto. Corporate Offices Country Club, Mexico City. INBACK Offices, Guadalajara. [&hellip;]\" \/>\n<meta property=\"og:url\" content=\"https:\/\/tektilsolutions.com\/en\/proyectos-corporativos-tektil\/\" \/>\n<meta property=\"og:site_name\" content=\"Tektil\" \/>\n<meta property=\"article:modified_time\" content=\"2025-11-05T03:33:46+00:00\" \/>\n<meta name=\"twitter:card\" content=\"summary_large_image\" \/>\n<meta name=\"twitter:label1\" content=\"Tiempo de lectura\" \/>\n\t<meta name=\"twitter:data1\" content=\"1 minuto\" \/>\n<script type=\"application\/ld+json\" class=\"yoast-schema-graph\">{\"@context\":\"https:\/\/schema.org\",\"@graph\":[{\"@type\":\"WebPage\",\"@id\":\"https:\/\/tektilsolutions.com\/en\/proyectos-corporativos-tektil\/\",\"url\":\"https:\/\/tektilsolutions.com\/en\/proyectos-corporativos-tektil\/\",\"name\":\"Corporate Projects - Tektil\",\"isPartOf\":{\"@id\":\"https:\/\/tektilsolutions.com\/en\/#website\"},\"datePublished\":\"2025-07-03T00:45:10+00:00\",\"dateModified\":\"2025-11-05T03:33:46+00:00\",\"breadcrumb\":{\"@id\":\"https:\/\/tektilsolutions.com\/en\/proyectos-corporativos-tektil\/#breadcrumb\"},\"inLanguage\":\"es\",\"potentialAction\":[{\"@type\":\"ReadAction\",\"target\":[\"https:\/\/tektilsolutions.com\/en\/proyectos-corporativos-tektil\/\"]}]},{\"@type\":\"BreadcrumbList\",\"@id\":\"https:\/\/tektilsolutions.com\/en\/proyectos-corporativos-tektil\/#breadcrumb\",\"itemListElement\":[{\"@type\":\"ListItem\",\"position\":1,\"name\":\"Inicio\",\"item\":\"https:\/\/tektilsolutions.com\/en\/\"},{\"@type\":\"ListItem\",\"position\":2,\"name\":\"Corporate Projects\"}]},{\"@type\":\"WebSite\",\"@id\":\"https:\/\/tektilsolutions.com\/en\/#website\",\"url\":\"https:\/\/tektilsolutions.com\/en\/\",\"name\":\"Tektil\",\"description\":\"\",\"potentialAction\":[{\"@type\":\"SearchAction\",\"target\":{\"@type\":\"EntryPoint\",\"urlTemplate\":\"https:\/\/tektilsolutions.com\/en\/?s={search_term_string}\"},\"query-input\":{\"@type\":\"PropertyValueSpecification\",\"valueRequired\":true,\"valueName\":\"search_term_string\"}}],\"inLanguage\":\"es\"}]}<\/script>\n<!-- \/ Yoast SEO plugin. -->","yoast_head_json":{"title":"Corporate Projects - Tektil","robots":{"index":"index","follow":"follow","max-snippet":"max-snippet:-1","max-image-preview":"max-image-preview:large","max-video-preview":"max-video-preview:-1"},"canonical":"https:\/\/tektilsolutions.com\/en\/proyectos-corporativos-tektil\/","og_locale":"es_MX","og_type":"article","og_title":"Corporate Projects - Tektil","og_description":"Corporate Cushman &amp; Wakefield, Mexico City. Polanco District, Mexico City. Nissan, Mexico City. Barry Callebaut, Mexico City. Fuentebuena, Monterrey Deloitte, Mexico City. Zapata Trucks, Le\u00f3n Gto.Turner &amp; Townsend, Mexico City. Principle Offices, Mexico City. Charles Taylor &amp; IFACeltics HR Group, Le\u00f3n Gto. Berpar-Tektil Office, Le\u00f3n Gto. Corporate Offices Country Club, Mexico City. INBACK Offices, Guadalajara. [&hellip;]","og_url":"https:\/\/tektilsolutions.com\/en\/proyectos-corporativos-tektil\/","og_site_name":"Tektil","article_modified_time":"2025-11-05T03:33:46+00:00","twitter_card":"summary_large_image","twitter_misc":{"Tiempo de lectura":"1 minuto"},"schema":{"@context":"https:\/\/schema.org","@graph":[{"@type":"WebPage","@id":"https:\/\/tektilsolutions.com\/en\/proyectos-corporativos-tektil\/","url":"https:\/\/tektilsolutions.com\/en\/proyectos-corporativos-tektil\/","name":"Corporate Projects - Tektil","isPartOf":{"@id":"https:\/\/tektilsolutions.com\/en\/#website"},"datePublished":"2025-07-03T00:45:10+00:00","dateModified":"2025-11-05T03:33:46+00:00","breadcrumb":{"@id":"https:\/\/tektilsolutions.com\/en\/proyectos-corporativos-tektil\/#breadcrumb"},"inLanguage":"es","potentialAction":[{"@type":"ReadAction","target":["https:\/\/tektilsolutions.com\/en\/proyectos-corporativos-tektil\/"]}]},{"@type":"BreadcrumbList","@id":"https:\/\/tektilsolutions.com\/en\/proyectos-corporativos-tektil\/#breadcrumb","itemListElement":[{"@type":"ListItem","position":1,"name":"Inicio","item":"https:\/\/tektilsolutions.com\/en\/"},{"@type":"ListItem","position":2,"name":"Corporate Projects"}]},{"@type":"WebSite","@id":"https:\/\/tektilsolutions.com\/en\/#website","url":"https:\/\/tektilsolutions.com\/en\/","name":"Tektil","description":"","potentialAction":[{"@type":"SearchAction","target":{"@type":"EntryPoint","urlTemplate":"https:\/\/tektilsolutions.com\/en\/?s={search_term_string}"},"query-input":{"@type":"PropertyValueSpecification","valueRequired":true,"valueName":"search_term_string"}}],"inLanguage":"es"}]}},"_hostinger_reach_plugin_has_subscription_block":false,"_hostinger_reach_plugin_is_elementor":false,"_links":{"self":[{"href":"https:\/\/tektilsolutions.com\/en\/wp-json\/wp\/v2\/pages\/2130","targetHints":{"allow":["GET"]}}],"collection":[{"href":"https:\/\/tektilsolutions.com\/en\/wp-json\/wp\/v2\/pages"}],"about":[{"href":"https:\/\/tektilsolutions.com\/en\/wp-json\/wp\/v2\/types\/page"}],"author":[{"embeddable":true,"href":"https:\/\/tektilsolutions.com\/en\/wp-json\/wp\/v2\/users\/1"}],"replies":[{"embeddable":true,"href":"https:\/\/tektilsolutions.com\/en\/wp-json\/wp\/v2\/comments?post=2130"}],"version-history":[{"count":16,"href":"https:\/\/tektilsolutions.com\/en\/wp-json\/wp\/v2\/pages\/2130\/revisions"}],"predecessor-version":[{"id":3216,"href":"https:\/\/tektilsolutions.com\/en\/wp-json\/wp\/v2\/pages\/2130\/revisions\/3216"}],"wp:attachment":[{"href":"https:\/\/tektilsolutions.com\/en\/wp-json\/wp\/v2\/media?parent=2130"}],"curies":[{"name":"wp","href":"https:\/\/api.w.org\/{rel}","templated":true}]}}