{"id":2135,"date":"2025-07-03T00:54:58","date_gmt":"2025-07-03T00:54:58","guid":{"rendered":"https:\/\/tektilsolutions.com\/en\/?page_id=2135"},"modified":"2025-11-05T03:44:08","modified_gmt":"2025-11-05T03:44:08","slug":"proyectos-residenciales-tektil","status":"publish","type":"page","link":"https:\/\/tektilsolutions.com\/en\/proyectos-residenciales-tektil\/","title":{"rendered":"Residential Projects"},"content":{"rendered":"\t\t<div data-elementor-type=\"wp-page\" data-elementor-id=\"2135\" class=\"elementor elementor-2135\" data-elementor-post-type=\"page\">\n\t\t\t\t\t\t<section class=\"elementor-section elementor-top-section elementor-element elementor-element-7970254 elementor-section-boxed elementor-section-height-default elementor-section-height-default\" data-id=\"7970254\" data-element_type=\"section\" data-settings=\"{&quot;jet_parallax_layout_list&quot;:[]}\">\n\t\t\t\t\t\t<div class=\"elementor-container elementor-column-gap-no\">\n\t\t\t\t\t<div class=\"elementor-column elementor-col-100 elementor-top-column elementor-element elementor-element-90bcaac\" data-id=\"90bcaac\" data-element_type=\"column\">\n\t\t\t<div class=\"elementor-widget-wrap elementor-element-populated\">\n\t\t\t\t\t\t<div class=\"elementor-element elementor-element-0eb657c elementor--v-position-bottom elementor--h-position-left elementor-arrows-position-inside elementor-widget elementor-widget-slides\" data-id=\"0eb657c\" data-element_type=\"widget\" data-settings=\"{&quot;navigation&quot;:&quot;arrows&quot;,&quot;autoplay&quot;:&quot;yes&quot;,&quot;pause_on_hover&quot;:&quot;yes&quot;,&quot;pause_on_interaction&quot;:&quot;yes&quot;,&quot;autoplay_speed&quot;:5000,&quot;infinite&quot;:&quot;yes&quot;,&quot;transition&quot;:&quot;slide&quot;,&quot;transition_speed&quot;:500}\" data-widget_type=\"slides.default\">\n\t\t\t\t<div class=\"elementor-widget-container\">\n\t\t\t\t\t\t\t\t\t<div class=\"elementor-swiper\">\n\t\t\t\t\t<div class=\"elementor-slides-wrapper elementor-main-swiper swiper\" role=\"region\" aria-roledescription=\"carousel\" aria-label=\"Slides\" dir=\"ltr\" data-animation=\"\">\n\t\t\t\t<div class=\"swiper-wrapper elementor-slides\">\n\t\t\t\t\t\t\t\t\t\t<div class=\"elementor-repeater-item-a5e54f6 swiper-slide\" role=\"group\" aria-roledescription=\"slide\"><div class=\"swiper-slide-bg\" role=\"img\"><\/div><div class=\"swiper-slide-inner\" ><div class=\"swiper-slide-contents\"><div class=\"elementor-slide-heading\">Residential <\/div><\/div><\/div><\/div>\t\t\t\t<\/div>\n\t\t\t\t\t\t\t<\/div>\n\t\t\t\t<\/div>\n\t\t\t\t\t\t\t\t<\/div>\n\t\t\t\t<\/div>\n\t\t\t\t\t<\/div>\n\t\t<\/div>\n\t\t\t\t\t<\/div>\n\t\t<\/section>\n\t\t\t\t<section class=\"elementor-section elementor-top-section elementor-element elementor-element-749ffda7 elementor-section-boxed elementor-section-height-default elementor-section-height-default\" data-id=\"749ffda7\" data-element_type=\"section\" data-settings=\"{&quot;jet_parallax_layout_list&quot;:[]}\">\n\t\t\t\t\t\t<div class=\"elementor-container elementor-column-gap-no\">\n\t\t\t\t\t<div class=\"elementor-column elementor-col-100 elementor-top-column elementor-element elementor-element-1ecdbc0\" data-id=\"1ecdbc0\" data-element_type=\"column\">\n\t\t\t<div class=\"elementor-widget-wrap elementor-element-populated\">\n\t\t\t\t\t\t<div class=\"elementor-element elementor-element-bf21a3b elementor-widget elementor-widget-text-editor\" data-id=\"bf21a3b\" data-element_type=\"widget\" data-widget_type=\"text-editor.default\">\n\t\t\t\t<div class=\"elementor-widget-container\">\n\t\t\t\t\t\t\t\t\t<ul><li>Miyana, Mexico City.<\/li><li>Sha Wellness Clinic, Cancun.<\/li><li>Vidalta, Mexico City.<\/li><li>Arbol, Mexico City.<\/li><li>Origina, Mexico City.<\/li><li>Royal View, Quer\u00e9taro.<\/li><li>Tower 710, Le\u00f3n Gto.<\/li><li>Be Grand Reforma, Mexico City.<\/li><li>Kal\u00e1h, Monterrey.<\/li><li>Bosque Real Residence, Mexico City.<\/li><li>Lomas de Vista Hermosa Residence, Mexico City.<\/li><li>AGWA, Mexico City.<\/li><li>Murano Apartment, Mexico City.<\/li><li>Tres Vientos, Monterrey.<\/li><li>Ventanas Santa Fe, Mexico City.<\/li><li>Landmark, Guadalajara.<\/li><\/ul>\t\t\t\t\t\t\t\t<\/div>\n\t\t\t\t<\/div>\n\t\t\t\t\t<\/div>\n\t\t<\/div>\n\t\t\t\t\t<\/div>\n\t\t<\/section>\n\t\t\t\t<\/div>\n\t\t","protected":false},"excerpt":{"rendered":"<p>Residential Miyana, Mexico City. Sha Wellness Clinic, Cancun. Vidalta, Mexico City. Arbol, Mexico City. Origina, Mexico City. Royal View, Quer\u00e9taro. Tower 710, Le\u00f3n Gto. Be Grand Reforma, Mexico City. Kal\u00e1h, Monterrey. Bosque Real Residence, Mexico City. Lomas de Vista Hermosa Residence, Mexico City. AGWA, Mexico City. Murano Apartment, Mexico City. Tres Vientos, Monterrey. Ventanas Santa [&hellip;]<\/p>\n","protected":false},"author":1,"featured_media":0,"parent":0,"menu_order":0,"comment_status":"closed","ping_status":"closed","template":"elementor_header_footer","meta":{"footnotes":""},"class_list":["post-2135","page","type-page","status-publish","hentry"],"yoast_head":"<!-- This site is optimized with the Yoast SEO plugin v25.4 - https:\/\/yoast.com\/wordpress\/plugins\/seo\/ -->\n<title>Residential Projects - Tektil<\/title>\n<meta name=\"robots\" content=\"index, follow, max-snippet:-1, max-image-preview:large, max-video-preview:-1\" \/>\n<link rel=\"canonical\" href=\"https:\/\/tektilsolutions.com\/en\/proyectos-residenciales-tektil\/\" \/>\n<meta property=\"og:locale\" content=\"es_MX\" \/>\n<meta property=\"og:type\" content=\"article\" \/>\n<meta property=\"og:title\" content=\"Residential Projects - Tektil\" \/>\n<meta property=\"og:description\" content=\"Residential Miyana, Mexico City. Sha Wellness Clinic, Cancun. Vidalta, Mexico City. Arbol, Mexico City. Origina, Mexico City. Royal View, Quer\u00e9taro. Tower 710, Le\u00f3n Gto. Be Grand Reforma, Mexico City. Kal\u00e1h, Monterrey. Bosque Real Residence, Mexico City. Lomas de Vista Hermosa Residence, Mexico City. AGWA, Mexico City. Murano Apartment, Mexico City. Tres Vientos, Monterrey. Ventanas Santa [&hellip;]\" \/>\n<meta property=\"og:url\" content=\"https:\/\/tektilsolutions.com\/en\/proyectos-residenciales-tektil\/\" \/>\n<meta property=\"og:site_name\" content=\"Tektil\" \/>\n<meta property=\"article:modified_time\" content=\"2025-11-05T03:44:08+00:00\" \/>\n<meta name=\"twitter:card\" content=\"summary_large_image\" \/>\n<meta name=\"twitter:label1\" content=\"Tiempo de lectura\" \/>\n\t<meta name=\"twitter:data1\" content=\"1 minuto\" \/>\n<script type=\"application\/ld+json\" class=\"yoast-schema-graph\">{\"@context\":\"https:\/\/schema.org\",\"@graph\":[{\"@type\":\"WebPage\",\"@id\":\"https:\/\/tektilsolutions.com\/en\/proyectos-residenciales-tektil\/\",\"url\":\"https:\/\/tektilsolutions.com\/en\/proyectos-residenciales-tektil\/\",\"name\":\"Residential Projects - Tektil\",\"isPartOf\":{\"@id\":\"https:\/\/tektilsolutions.com\/en\/#website\"},\"datePublished\":\"2025-07-03T00:54:58+00:00\",\"dateModified\":\"2025-11-05T03:44:08+00:00\",\"breadcrumb\":{\"@id\":\"https:\/\/tektilsolutions.com\/en\/proyectos-residenciales-tektil\/#breadcrumb\"},\"inLanguage\":\"es\",\"potentialAction\":[{\"@type\":\"ReadAction\",\"target\":[\"https:\/\/tektilsolutions.com\/en\/proyectos-residenciales-tektil\/\"]}]},{\"@type\":\"BreadcrumbList\",\"@id\":\"https:\/\/tektilsolutions.com\/en\/proyectos-residenciales-tektil\/#breadcrumb\",\"itemListElement\":[{\"@type\":\"ListItem\",\"position\":1,\"name\":\"Inicio\",\"item\":\"https:\/\/tektilsolutions.com\/en\/\"},{\"@type\":\"ListItem\",\"position\":2,\"name\":\"Residential Projects\"}]},{\"@type\":\"WebSite\",\"@id\":\"https:\/\/tektilsolutions.com\/en\/#website\",\"url\":\"https:\/\/tektilsolutions.com\/en\/\",\"name\":\"Tektil\",\"description\":\"\",\"potentialAction\":[{\"@type\":\"SearchAction\",\"target\":{\"@type\":\"EntryPoint\",\"urlTemplate\":\"https:\/\/tektilsolutions.com\/en\/?s={search_term_string}\"},\"query-input\":{\"@type\":\"PropertyValueSpecification\",\"valueRequired\":true,\"valueName\":\"search_term_string\"}}],\"inLanguage\":\"es\"}]}<\/script>\n<!-- \/ Yoast SEO plugin. -->","yoast_head_json":{"title":"Residential Projects - Tektil","robots":{"index":"index","follow":"follow","max-snippet":"max-snippet:-1","max-image-preview":"max-image-preview:large","max-video-preview":"max-video-preview:-1"},"canonical":"https:\/\/tektilsolutions.com\/en\/proyectos-residenciales-tektil\/","og_locale":"es_MX","og_type":"article","og_title":"Residential Projects - Tektil","og_description":"Residential Miyana, Mexico City. Sha Wellness Clinic, Cancun. Vidalta, Mexico City. Arbol, Mexico City. Origina, Mexico City. Royal View, Quer\u00e9taro. Tower 710, Le\u00f3n Gto. Be Grand Reforma, Mexico City. Kal\u00e1h, Monterrey. Bosque Real Residence, Mexico City. Lomas de Vista Hermosa Residence, Mexico City. AGWA, Mexico City. Murano Apartment, Mexico City. Tres Vientos, Monterrey. Ventanas Santa [&hellip;]","og_url":"https:\/\/tektilsolutions.com\/en\/proyectos-residenciales-tektil\/","og_site_name":"Tektil","article_modified_time":"2025-11-05T03:44:08+00:00","twitter_card":"summary_large_image","twitter_misc":{"Tiempo de lectura":"1 minuto"},"schema":{"@context":"https:\/\/schema.org","@graph":[{"@type":"WebPage","@id":"https:\/\/tektilsolutions.com\/en\/proyectos-residenciales-tektil\/","url":"https:\/\/tektilsolutions.com\/en\/proyectos-residenciales-tektil\/","name":"Residential Projects - Tektil","isPartOf":{"@id":"https:\/\/tektilsolutions.com\/en\/#website"},"datePublished":"2025-07-03T00:54:58+00:00","dateModified":"2025-11-05T03:44:08+00:00","breadcrumb":{"@id":"https:\/\/tektilsolutions.com\/en\/proyectos-residenciales-tektil\/#breadcrumb"},"inLanguage":"es","potentialAction":[{"@type":"ReadAction","target":["https:\/\/tektilsolutions.com\/en\/proyectos-residenciales-tektil\/"]}]},{"@type":"BreadcrumbList","@id":"https:\/\/tektilsolutions.com\/en\/proyectos-residenciales-tektil\/#breadcrumb","itemListElement":[{"@type":"ListItem","position":1,"name":"Inicio","item":"https:\/\/tektilsolutions.com\/en\/"},{"@type":"ListItem","position":2,"name":"Residential Projects"}]},{"@type":"WebSite","@id":"https:\/\/tektilsolutions.com\/en\/#website","url":"https:\/\/tektilsolutions.com\/en\/","name":"Tektil","description":"","potentialAction":[{"@type":"SearchAction","target":{"@type":"EntryPoint","urlTemplate":"https:\/\/tektilsolutions.com\/en\/?s={search_term_string}"},"query-input":{"@type":"PropertyValueSpecification","valueRequired":true,"valueName":"search_term_string"}}],"inLanguage":"es"}]}},"_hostinger_reach_plugin_has_subscription_block":false,"_hostinger_reach_plugin_is_elementor":false,"_links":{"self":[{"href":"https:\/\/tektilsolutions.com\/en\/wp-json\/wp\/v2\/pages\/2135","targetHints":{"allow":["GET"]}}],"collection":[{"href":"https:\/\/tektilsolutions.com\/en\/wp-json\/wp\/v2\/pages"}],"about":[{"href":"https:\/\/tektilsolutions.com\/en\/wp-json\/wp\/v2\/types\/page"}],"author":[{"embeddable":true,"href":"https:\/\/tektilsolutions.com\/en\/wp-json\/wp\/v2\/users\/1"}],"replies":[{"embeddable":true,"href":"https:\/\/tektilsolutions.com\/en\/wp-json\/wp\/v2\/comments?post=2135"}],"version-history":[{"count":25,"href":"https:\/\/tektilsolutions.com\/en\/wp-json\/wp\/v2\/pages\/2135\/revisions"}],"predecessor-version":[{"id":3224,"href":"https:\/\/tektilsolutions.com\/en\/wp-json\/wp\/v2\/pages\/2135\/revisions\/3224"}],"wp:attachment":[{"href":"https:\/\/tektilsolutions.com\/en\/wp-json\/wp\/v2\/media?parent=2135"}],"curies":[{"name":"wp","href":"https:\/\/api.w.org\/{rel}","templated":true}]}}